{"id":2415,"date":"2025-10-23T10:39:29","date_gmt":"2025-10-23T10:39:29","guid":{"rendered":"https:\/\/www.bwydsirgarfood.org\/?page_id=2415"},"modified":"2026-01-08T17:03:31","modified_gmt":"2026-01-08T17:03:31","slug":"siarter-fwyd-bwyd-sir-gar-food","status":"publish","type":"page","link":"https:\/\/www.bwydsirgarfood.org\/cy\/siarter-fwyd-bwyd-sir-gar-food\/","title":{"rendered":"Siarter Fwyd Bwyd Sir G\u00e2r Food"},"content":{"rendered":"\n<div style=\"height:50px\" aria-hidden=\"true\" class=\"wp-block-spacer\"><\/div>\n\n<div class=\"wp-block-media-text has-media-on-the-right is-stacked-on-mobile is-image-fill-element no-padding-top\"><div class=\"wp-block-media-text__content\">\n<p>Mae Bwyd Sir G\u00e2r Food wedi ymgysylltu \u00e2 channoedd o bobl o bob rhan o Sir G\u00e2r i ddatblygu siarter fwyd, sy&#8217;n adlewyrchu&#8217;r hyn y mae pobl am ei gael o system fwyd yn yr 21ain ganrif.<\/p>\n\n\n\n<p><span style=\"font-size: revert; white-space: normal;\"><strong>Y Siarter<\/strong><\/span><\/p>\n\n\n\n<ul class=\"wp-block-list\">\n<li>Cefnogi ffermwyr a thyfwyr Sir Gaerfyrddin i ffynnu<\/li>\n\n\n\n<li>Deietau iach a chynaliadwy i bawb<\/li>\n\n\n\n<li>Bwyd yng nghanol ein cymunedau<\/li>\n\n\n\n<li>System fwyd leol amrywiol, ddiogel a gwydn sy&#8217;n addas ar gyfer cenedlaethau&#8217;r dyfodol<\/li>\n\n\n\n<li>Rhoi diwedd ar wastraff bwyd a llygredd<\/li>\n\n\n\n<li>Dathlu treftadaeth fwyd a dyfodol bwyd cyfoethog Sir G\u00e2rCelebration of Carmarthenshire\u2019s rich food heritage and food future<\/li>\n<\/ul>\n\n\n\n<p class=\"has-black-color has-text-color has-link-color wp-elements-8a46f7108c1bedc40ad7550020a3f8b3\"><a href=\"https:\/\/www.bwydsirgarfood.org\/cy\/amdanom-ni\/\"><strong>Dysgwch sut y cafodd hyn ei ddatblygu<\/strong><\/a><\/p>\n<\/div><figure class=\"wp-block-media-text__media\"><img loading=\"lazy\" decoding=\"async\" width=\"1500\" height=\"999\" src=\"https:\/\/www.bwydsirgarfood.org\/wp-content\/uploads\/2025\/03\/2024_09_26_CCC_Bremenda_Isaf_5597-1500x999.jpg\" alt=\"\" class=\"wp-image-1968 size-full\" style=\"object-position:70% 59%\" srcset=\"https:\/\/www.bwydsirgarfood.org\/wp-content\/uploads\/2025\/03\/2024_09_26_CCC_Bremenda_Isaf_5597-1500x999.jpg 1500w, https:\/\/www.bwydsirgarfood.org\/wp-content\/uploads\/2025\/03\/2024_09_26_CCC_Bremenda_Isaf_5597-500x333.jpg 500w, https:\/\/www.bwydsirgarfood.org\/wp-content\/uploads\/2025\/03\/2024_09_26_CCC_Bremenda_Isaf_5597-768x511.jpg 768w, https:\/\/www.bwydsirgarfood.org\/wp-content\/uploads\/2025\/03\/2024_09_26_CCC_Bremenda_Isaf_5597-1536x1023.jpg 1536w, https:\/\/www.bwydsirgarfood.org\/wp-content\/uploads\/2025\/03\/2024_09_26_CCC_Bremenda_Isaf_5597-2048x1364.jpg 2048w\" sizes=\"auto, (max-width: 1500px) 100vw, 1500px\" \/><\/figure><\/div>\n\n<div style=\"height:50px\" aria-hidden=\"true\" class=\"wp-block-spacer\"><\/div>\n\n<div class=\"wp-block-media-text is-stacked-on-mobile is-image-fill-element no-padding-top\"><figure class=\"wp-block-media-text__media\"><img loading=\"lazy\" decoding=\"async\" width=\"1500\" height=\"1000\" src=\"https:\/\/www.bwydsirgarfood.org\/wp-content\/uploads\/2024\/10\/01-10-2024_Bremeda_Isaf_bwydsirgar_327-1500x1000.jpg\" alt=\"\" class=\"wp-image-1727 size-full\" style=\"object-position:56% 53%\" srcset=\"https:\/\/www.bwydsirgarfood.org\/wp-content\/uploads\/2024\/10\/01-10-2024_Bremeda_Isaf_bwydsirgar_327-1500x1000.jpg 1500w, https:\/\/www.bwydsirgarfood.org\/wp-content\/uploads\/2024\/10\/01-10-2024_Bremeda_Isaf_bwydsirgar_327-500x333.jpg 500w, https:\/\/www.bwydsirgarfood.org\/wp-content\/uploads\/2024\/10\/01-10-2024_Bremeda_Isaf_bwydsirgar_327-768x512.jpg 768w, https:\/\/www.bwydsirgarfood.org\/wp-content\/uploads\/2024\/10\/01-10-2024_Bremeda_Isaf_bwydsirgar_327-1536x1024.jpg 1536w, https:\/\/www.bwydsirgarfood.org\/wp-content\/uploads\/2024\/10\/01-10-2024_Bremeda_Isaf_bwydsirgar_327.jpg 2048w\" sizes=\"auto, (max-width: 1500px) 100vw, 1500px\" \/><\/figure><div class=\"wp-block-media-text__content\">\n<p>Gallwch chi helpu i wneud hyn yn realiti. <\/p>\n\n\n\n<p>Er mwyn cefnogi&#8217;r nodau hyn, rydym wedi sefydlu rhai addewidion syml y gall pobl a sefydliadau ledled Sir G\u00e2r eu gwneud i wneud ein bwyd yn fwy lleol, cynaliadwy ac iach.<\/p>\n\n\n\n<p>Rydym yn gofyn i bobl wneud addewid i:<\/p>\n\n\n\n<ol class=\"wp-block-list\">\n<li>Prynu mwy o fwyd lleol a chynaliadwy<\/li>\n\n\n\n<li>Bwyta deiet iachach a mwy cynaliadwy<\/li>\n\n\n\n<li>Coginio o&#8217;r dechrau&#8217;n amlach<\/li>\n\n\n\n<li>Tyfu fy llysiau neu fy mherlysiau fy hun<\/li>\n\n\n\n<li>Helpu i roi bwyd wrth galon y gymuned<\/li>\n\n\n\n<li>Gwastraffu llai<\/li>\n\n\n\n<li>Dathlu ein Stori Fwyd<\/li>\n<\/ol>\n\n\n\n<div class=\"wp-block-buttons is-layout-flex wp-block-buttons-is-layout-flex\">\n<div class=\"wp-block-button\"><a class=\"wp-block-button__link wp-element-button\" href=\"https:\/\/www.bwydsirgarfood.org\/cy\/gwnewch-addewid\/\">Gwnewch addewid<\/a><\/div>\n<\/div>\n<\/div><\/div>\n\n<figure class=\"wp-block-embed aligncenter is-type-rich is-provider-embed-handler wp-block-embed-embed-handler third-video-colour wp-embed-aspect-16-9 wp-has-aspect-ratio\"><div class=\"wp-block-embed__wrapper\">\n<iframe loading=\"lazy\" title=\"Food Policy Alliance Cymru: Food Systems\" width=\"640\" height=\"360\" src=\"https:\/\/www.youtube.com\/embed\/CSFKad-a3-8?feature=oembed\" frameborder=\"0\" allow=\"accelerometer; autoplay; clipboard-write; encrypted-media; gyroscope; picture-in-picture; web-share\" referrerpolicy=\"strict-origin-when-cross-origin\" allowfullscreen><\/iframe>\n<\/div><\/figure>\n\n<div class=\"wp-block-group has-background\" style=\"background-color:#f5efec\"><div class=\"wp-block-group__inner-container is-layout-constrained wp-block-group-is-layout-constrained\">\n<div class=\"wp-block-columns is-layout-flex wp-container-core-columns-is-layout-9d6595d7 wp-block-columns-is-layout-flex\">\n<div class=\"wp-block-column is-layout-flow wp-block-column-is-layout-flow\" style=\"flex-basis:66.66%\">\n<h2 class=\"wp-block-heading\">Datblygu Siarter Fwyd Bwyd Sir G\u00e2r Food<\/h2>\n\n\n\n<p>Rhwng Mai 2024 a Mai 2025 cafodd gweithdai &#8216;sgwrs am fwyd&#8217; eu cynnal ar draws y sir fel bod llawer o bobl yn gallu dweud eu dweud wrth ddatblygu&#8217;r siarter. Roedd y rhain yn edrych ar y problemau yn y system fwyd gan gynnwys: effeithiau iechyd, llesiant, cydlyniant cymunedol, diwylliant, masnach deg, diogelwch bwyd, anghydraddoldeb o ran mynediad at fwyd iach a chynaliadwy, ac effaith cynhyrchu bwyd ar natur a&#8217;r hinsawdd.  <\/p>\n\n\n\n<p>Mae&#8217;r sgyrsiau hyn yn aml yn digwydd ochr yn ochr \u00e2 gwahanol weithgareddau sy&#8217;n gysylltiedig \u00e2 bwyd gan gynnwys tyfu, coginio, rhannu prydau bwyd a gweithgareddau creadigol i greu amgylchedd hamddenol, a oedd yn helpu pobl i rannu eu barn. <\/p>\n\n\n\n<p>Roedd mwy na 225 o bobl o bob oed a chefndir, gan gynnwys trigolion, disgyblion ysgol a grwpiau cymunedol, wedi cymryd rhan mewn sesiynau ledled y sir, gan rannu&#8217;r hyn roeddent am ei weld o ran system fwyd yr 21ain ganrif yn Sir G\u00e2r.<\/p>\n\n\n\n<p>Sef:<\/p>\n<\/div>\n\n\n\n<div class=\"wp-block-column is-layout-flow wp-block-column-is-layout-flow\" style=\"flex-basis:33.33%\"><\/div>\n<\/div>\n\n\n\n<figure class=\"wp-block-table orange-table\"><table class=\"has-white-color has-text-color has-background has-link-color has-fixed-layout\" style=\"background-color:#ed694a\"><tbody><tr><td>Siarter<\/td><td>Addewid<\/td><td>Camau gweithredu<\/td><\/tr><tr><td>1. Cefnogi cynhyrchwyr lleol ac economi fwyd wydn<\/td><td>Cefnogi ffermwyr, tyfwyr a chynhyrchwyr bwyd Sir G\u00e2r drwy ddewis bwyd lleol a chynaliadwy pryd bynnag y gallaf<\/td><td>&#8211; Siopa mewn marchnadoedd ffermwyr, siopau fferm, neu fanwerthwyr annibynnol lleol<br\/>&#8211; Dewis cynnyrch Cymreig mewn archfarchnadoedd<br\/>&#8211; Tanysgrifio i flwch llysiau neu gynllun dosbarthu bwyd lleol<br\/>&#8211; Gofyn i fwytai a chaffis a ydynt yn cyrchu eu bwyd yn lleol<br\/>&#8211; Rhannu a dathlu busnesau bwyd lleol ar y cyfryngau cymdeithasol<\/td><\/tr><tr><td>2. Hyrwyddo deietau iachach, mwy cynaliadwy i bawb<\/td><td>Gwneud dewisiadau bwyd sy&#8217;n dda i&#8217;m hiechyd a&#8217;r blaned, a hynny trwy fwyta mwy o brydau sy&#8217;n canolbwyntio ar lysiau tymhorol a lleihau gwastraff bwyd<\/td><td>&#8211; Bwyta mwy o lysiau, corbys, a grawn cyflawn<br\/>&#8211; Dewis cynnyrch tymhorol wedi&#8217;i dyfu&#8217;n lleol<br\/>&#8211; Lleihau&#8217;r defnydd o fwydydd wedi&#8217;u prosesu&#8217;n helaeth (UPF)<br\/>&#8211; Lleihau gwastraff bwyd trwy gynllunio prydau bwyd a defnyddio sbarion<br\/>&#8211; Cefnogi mentrau bwyd sy&#8217;n gwneud bwyd iach yn hygyrch i bawb<\/td><\/tr><tr><td>3. Ailgysylltu Pobl \u00e2 Sgiliau Coginio a Bwyd3. Reconnect People with Cooking and Food Skills<\/td><td>Coginio mwy o brydau o&#8217;r dechrau gan ddefnyddio cynhwysion ffres, lleol, gan leihau gwastraff, gwella fy iechyd, a dathlu blasau a thraddodiadau Sir G\u00e2r<\/td><td>&#8211; Rhoi cynnig ar un rys\u00e1it newydd wedi&#8217;i choginio gartref bob wythnos<br\/>&#8211; Coginio gan ddefnyddio chynnyrch tymhorol o farchnadoedd a siopau lleol<br\/>&#8211; Cynnwys plant neu aelodau o&#8217;r teulu wrth baratoi prydau bwyd<br\/>&#8211; Coginio llawer o brydau bwyd ar yr un pryd a&#8217;u rhewi i arbed amser a lleihau gwastraff<br\/>&#8211; Rhannu eich hoff brydau cartref \u00e2 ffrindiau neu gymdogion<\/td><\/tr><tr><td>4. Annog Tyfu Bwyd ar bob Lefel<\/td><td>Tyfu fy llysiau, fy mherlysiau, neu fy ffrwythau fy hun \u2013 boed mewn gardd, ar sil ffenestr, neu mewn gofod cymunedol a rennir. Byddaf yn ailgysylltu \u00e2&#8217;r man lle mae fy mwyd yn dod ac yn helpu i adeiladu Sir G\u00e2r sy&#8217;n fwy gwyrdd a gwydn <\/td><td>&#8211; Dechrau gyda pherlysiau hawdd eu tyfu fel basil, mintys, neu gennin syfi<br\/>&#8211; Plannu dail salad neu domatos mewn potiau neu gynwysyddion<br\/>&#8211; Ymuno \u00e2 gardd gymunedol neu randir lleol<br\/>&#8211; Tyfu bwyd gyda phlant yn y cartref neu yn yr ysgol<br\/>&#8211; Rhannu hadau, awgrymiadau, neu gynnyrch sydd dros ben \u00e2 chymdogion<br\/>&#8211; Sefydlu prosiect tyfu cymunedol<\/td><\/tr><tr><td>5. Rhoi Bwyd wrth Galon Bywyd Cymunedol<\/td><td>Defnyddio bwyd fel ffordd o gysylltu ag eraill, helpu&#8217;r rhai mewn angen, a chryfhau fy nghymuned, a hynny drwy rannu prydau bwyd, gwirfoddoli, a chymryd rhan mewn mentrau bwyd lleol sy&#8217;n dod \u00e2 phobl at ei gilydd<\/td><td>&#8211; Cynnal neu ymuno \u00e2 phryd o fwyd cymunedol neu ddigwyddiad bwyd<br\/>&#8211; Gwirfoddoli mewn banc bwyd, pantri, neu gegin gymunedol<br\/>&#8211; Cefnogi neu ddechrau oergell gymunedol neu gynllun rhannu bwyd<br\/>&#8211; Helpu mewn ysgol neu ardd gymunedol<br\/>&#8211; Rhoi cynnyrch neu brydau dros ben i gymdogion neu elusennau lleol<\/td><\/tr><tr><td>6. Hyrwyddo Diwylliant Bwyd Diwastraff, Isel ei Effaith<\/td><td>Lleihau gwastraff bwyd a llygredd trwy gynllunio prydau bwyd, defnyddio sbarion, compostio gweddillion bwyd, a dewis deunydd pecynnu isel ei effaith. Byddaf yn gwneud fy rhan i ddiogelu ein hamgylchedd ac adeiladu system fwyd gylchol ar gyfer cenedlaethau&#8217;r dyfodol <\/td><td>&#8211; Cynllunio prydau bwyd a siopa gan ddefnyddio rhestr i osgoi gorbrynu<br\/>&#8211; Storio bwyd yn iawn i ymestyn ei gyfnod cadw<br\/>&#8211; Defnyddio sbarion yn greadigol<br\/>&#8211; Compostio gweddillion bwyd yn y cartref neu drwy gynllun lleol<br\/>&#8211; Dewis cynhyrchion gydag ychydig iawn o ddeunydd pecynnu neu ddeunydd pecynnu y mae modd ei gompostio<br\/>&#8211; Cefnogi busnesau sy&#8217;n lleihau gwastraff ac yn rhoi bwyd sydd dros ben<\/td><\/tr><tr><td>7. Dathlu Treftadaeth a Dyfodol Bwyd Sir G\u00e2r Food<\/td><td>Dathlu traddodiadau bwyd cyfoethog Sir G\u00e2r a chefnogi ei dyfodol sy&#8217;n llewyrchus o ran bwyd, a hynny drwy rannu ryseitiau lleol, hyrwyddo cynnyrch Cymreig, a dathlu&#8217;r creadigrwydd a&#8217;r diwylliant sy&#8217;n gwneud ein bwyd yn unigryw<\/td><td>&#8211; Coginio a rhannu ryseitiau traddodiadol Sir G\u00e2r neu rai Cymreig<br\/>&#8211; Cefnogi gwyliau a digwyddiadau bwyd lleol<br\/>&#8211; Adrodd straeon am gynhyrchwyr bwyd lleol neu draddodiadau bwyd teuluol<br\/>&#8211; Rhoi cynnig ar gynhyrchion bwyd newydd, arloesol sy&#8217;n cael eu gwneud yn y rhanbarth<br\/>&#8211; Annog pobl ifanc i archwilio treftadaeth fwyd a gyrfaoedd ym maes bwyd<\/td><\/tr><\/tbody><\/table><\/figure>\n\n\n\n<p>Cefnogwch y nodau hyn ac ymunwch \u00e2&#8217;n mudiad trwy wneud addewid ynghylch bwyd da<\/p>\n\n\n\n<div class=\"wp-block-buttons is-layout-flex wp-block-buttons-is-layout-flex\">\n<div class=\"wp-block-button\"><a class=\"wp-block-button__link wp-element-button\" href=\"https:\/\/www.bwydsirgarfood.org\/cy\/gwnewch-addewid\/\">Gwnewch addewid<\/a><\/div>\n<\/div>\n<\/div><\/div>\n\n<p><\/p>\n","protected":false},"excerpt":{"rendered":"<p>Datblygu Siarter Fwyd Bwyd Sir G\u00e2r Food Rhwng Mai 2024 a Mai 2025 cafodd gweithdai &#8216;sgwrs am fwyd&#8217; eu cynnal ar draws y sir fel bod llawer o bobl yn gallu dweud eu dweud wrth ddatblygu&#8217;r siarter. Roedd y rhain yn edrych ar y problemau yn y system fwyd gan<a class=\"moretag\" \n\thref=\"https:\/\/www.bwydsirgarfood.org\/cy\/siarter-fwyd-bwyd-sir-gar-food\/\">&#8230;<\/a><\/p>\n","protected":false},"author":1,"featured_media":0,"parent":0,"menu_order":0,"comment_status":"closed","ping_status":"closed","template":"","meta":{"_acf_changed":false,"_price":"","_stock":"","_tribe_ticket_header":"","_tribe_default_ticket_provider":"","_tribe_ticket_capacity":"0","_ticket_start_date":"","_ticket_end_date":"","_tribe_ticket_show_description":"","_tribe_ticket_show_not_going":false,"_tribe_ticket_use_global_stock":"","_tribe_ticket_global_stock_level":"","_global_stock_mode":"","_global_stock_cap":"","_tribe_rsvp_for_event":"","_tribe_ticket_going_count":"","_tribe_ticket_not_going_count":"","_tribe_tickets_list":"[]","_tribe_ticket_has_attendee_info_fields":false,"footnotes":""},"class_list":["post-2415","page","type-page","status-publish","hentry"],"acf":[],"yoast_head":"<!-- This site is optimized with the Yoast SEO plugin v27.4 - https:\/\/yoast.com\/product\/yoast-seo-wordpress\/ -->\n<title>Siarter Fwyd Bwyd Sir G\u00e2r Food - Bwyd Sir G\u00e2r Food<\/title>\n<meta name=\"robots\" content=\"index, follow, max-snippet:-1, max-image-preview:large, max-video-preview:-1\" \/>\n<link rel=\"canonical\" href=\"https:\/\/www.bwydsirgarfood.org\/cy\/siarter-fwyd-bwyd-sir-gar-food\/\" \/>\n<meta property=\"og:locale\" content=\"cy_GB\" \/>\n<meta property=\"og:type\" content=\"article\" \/>\n<meta property=\"og:title\" content=\"Siarter Fwyd Bwyd Sir G\u00e2r Food - Bwyd Sir G\u00e2r Food\" \/>\n<meta property=\"og:description\" content=\"Datblygu Siarter Fwyd Bwyd Sir G\u00e2r Food Rhwng Mai 2024 a Mai 2025 cafodd gweithdai &#8216;sgwrs am fwyd&#8217; eu cynnal ar draws y sir fel bod llawer o bobl yn gallu dweud eu dweud wrth ddatblygu&#8217;r siarter. Roedd y rhain yn edrych ar y problemau yn y system fwyd gan...\" \/>\n<meta property=\"og:url\" content=\"https:\/\/www.bwydsirgarfood.org\/cy\/siarter-fwyd-bwyd-sir-gar-food\/\" \/>\n<meta property=\"og:site_name\" content=\"Bwyd Sir G\u00e2r Food\" \/>\n<meta property=\"article:modified_time\" content=\"2026-01-08T17:03:31+00:00\" \/>\n<meta property=\"og:image\" content=\"https:\/\/www.bwydsirgarfood.org\/wp-content\/uploads\/2025\/03\/2024_09_26_CCC_Bremenda_Isaf_5597-1500x999.jpg\" \/>\n<meta name=\"twitter:card\" content=\"summary_large_image\" \/>\n<meta name=\"twitter:label1\" content=\"Est. reading time\" \/>\n\t<meta name=\"twitter:data1\" content=\"5 minutes\" \/>\n<script type=\"application\/ld+json\" class=\"yoast-schema-graph\">{\"@context\":\"https:\\\/\\\/schema.org\",\"@graph\":[{\"@type\":\"WebPage\",\"@id\":\"https:\\\/\\\/www.bwydsirgarfood.org\\\/cy\\\/siarter-fwyd-bwyd-sir-gar-food\\\/\",\"url\":\"https:\\\/\\\/www.bwydsirgarfood.org\\\/cy\\\/siarter-fwyd-bwyd-sir-gar-food\\\/\",\"name\":\"Siarter Fwyd Bwyd Sir G\u00e2r Food - Bwyd Sir G\u00e2r Food\",\"isPartOf\":{\"@id\":\"https:\\\/\\\/www.bwydsirgarfood.org\\\/cy\\\/#website\"},\"primaryImageOfPage\":{\"@id\":\"https:\\\/\\\/www.bwydsirgarfood.org\\\/cy\\\/siarter-fwyd-bwyd-sir-gar-food\\\/#primaryimage\"},\"image\":{\"@id\":\"https:\\\/\\\/www.bwydsirgarfood.org\\\/cy\\\/siarter-fwyd-bwyd-sir-gar-food\\\/#primaryimage\"},\"thumbnailUrl\":\"https:\\\/\\\/www.bwydsirgarfood.org\\\/wp-content\\\/uploads\\\/2025\\\/03\\\/2024_09_26_CCC_Bremenda_Isaf_5597-1500x999.jpg\",\"datePublished\":\"2025-10-23T10:39:29+00:00\",\"dateModified\":\"2026-01-08T17:03:31+00:00\",\"breadcrumb\":{\"@id\":\"https:\\\/\\\/www.bwydsirgarfood.org\\\/cy\\\/siarter-fwyd-bwyd-sir-gar-food\\\/#breadcrumb\"},\"inLanguage\":\"cy-GB\",\"potentialAction\":[{\"@type\":\"ReadAction\",\"target\":[\"https:\\\/\\\/www.bwydsirgarfood.org\\\/cy\\\/siarter-fwyd-bwyd-sir-gar-food\\\/\"]}]},{\"@type\":\"ImageObject\",\"inLanguage\":\"cy-GB\",\"@id\":\"https:\\\/\\\/www.bwydsirgarfood.org\\\/cy\\\/siarter-fwyd-bwyd-sir-gar-food\\\/#primaryimage\",\"url\":\"https:\\\/\\\/www.bwydsirgarfood.org\\\/wp-content\\\/uploads\\\/2025\\\/03\\\/2024_09_26_CCC_Bremenda_Isaf_5597-1500x999.jpg\",\"contentUrl\":\"https:\\\/\\\/www.bwydsirgarfood.org\\\/wp-content\\\/uploads\\\/2025\\\/03\\\/2024_09_26_CCC_Bremenda_Isaf_5597-1500x999.jpg\"},{\"@type\":\"BreadcrumbList\",\"@id\":\"https:\\\/\\\/www.bwydsirgarfood.org\\\/cy\\\/siarter-fwyd-bwyd-sir-gar-food\\\/#breadcrumb\",\"itemListElement\":[{\"@type\":\"ListItem\",\"position\":1,\"name\":\"Home\",\"item\":\"https:\\\/\\\/www.bwydsirgarfood.org\\\/cy\\\/\"},{\"@type\":\"ListItem\",\"position\":2,\"name\":\"Siarter Fwyd Bwyd Sir G\u00e2r Food\"}]},{\"@type\":\"WebSite\",\"@id\":\"https:\\\/\\\/www.bwydsirgarfood.org\\\/cy\\\/#website\",\"url\":\"https:\\\/\\\/www.bwydsirgarfood.org\\\/cy\\\/\",\"name\":\"Bwyd Sir G\u00e2r Food\",\"description\":\"Driving healthy and sustainable food in Carmarthenshire\",\"potentialAction\":[{\"@type\":\"SearchAction\",\"target\":{\"@type\":\"EntryPoint\",\"urlTemplate\":\"https:\\\/\\\/www.bwydsirgarfood.org\\\/cy\\\/?s={search_term_string}\"},\"query-input\":{\"@type\":\"PropertyValueSpecification\",\"valueRequired\":true,\"valueName\":\"search_term_string\"}}],\"inLanguage\":\"cy-GB\"}]}<\/script>\n<!-- \/ Yoast SEO plugin. -->","yoast_head_json":{"title":"Siarter Fwyd Bwyd Sir G\u00e2r Food - Bwyd Sir G\u00e2r Food","robots":{"index":"index","follow":"follow","max-snippet":"max-snippet:-1","max-image-preview":"max-image-preview:large","max-video-preview":"max-video-preview:-1"},"canonical":"https:\/\/www.bwydsirgarfood.org\/cy\/siarter-fwyd-bwyd-sir-gar-food\/","og_locale":"cy_GB","og_type":"article","og_title":"Siarter Fwyd Bwyd Sir G\u00e2r Food - Bwyd Sir G\u00e2r Food","og_description":"Datblygu Siarter Fwyd Bwyd Sir G\u00e2r Food Rhwng Mai 2024 a Mai 2025 cafodd gweithdai &#8216;sgwrs am fwyd&#8217; eu cynnal ar draws y sir fel bod llawer o bobl yn gallu dweud eu dweud wrth ddatblygu&#8217;r siarter. Roedd y rhain yn edrych ar y problemau yn y system fwyd gan...","og_url":"https:\/\/www.bwydsirgarfood.org\/cy\/siarter-fwyd-bwyd-sir-gar-food\/","og_site_name":"Bwyd Sir G\u00e2r Food","article_modified_time":"2026-01-08T17:03:31+00:00","og_image":[{"url":"https:\/\/www.bwydsirgarfood.org\/wp-content\/uploads\/2025\/03\/2024_09_26_CCC_Bremenda_Isaf_5597-1500x999.jpg","type":"","width":"","height":""}],"twitter_card":"summary_large_image","twitter_misc":{"Est. reading time":"5 minutes"},"schema":{"@context":"https:\/\/schema.org","@graph":[{"@type":"WebPage","@id":"https:\/\/www.bwydsirgarfood.org\/cy\/siarter-fwyd-bwyd-sir-gar-food\/","url":"https:\/\/www.bwydsirgarfood.org\/cy\/siarter-fwyd-bwyd-sir-gar-food\/","name":"Siarter Fwyd Bwyd Sir G\u00e2r Food - Bwyd Sir G\u00e2r Food","isPartOf":{"@id":"https:\/\/www.bwydsirgarfood.org\/cy\/#website"},"primaryImageOfPage":{"@id":"https:\/\/www.bwydsirgarfood.org\/cy\/siarter-fwyd-bwyd-sir-gar-food\/#primaryimage"},"image":{"@id":"https:\/\/www.bwydsirgarfood.org\/cy\/siarter-fwyd-bwyd-sir-gar-food\/#primaryimage"},"thumbnailUrl":"https:\/\/www.bwydsirgarfood.org\/wp-content\/uploads\/2025\/03\/2024_09_26_CCC_Bremenda_Isaf_5597-1500x999.jpg","datePublished":"2025-10-23T10:39:29+00:00","dateModified":"2026-01-08T17:03:31+00:00","breadcrumb":{"@id":"https:\/\/www.bwydsirgarfood.org\/cy\/siarter-fwyd-bwyd-sir-gar-food\/#breadcrumb"},"inLanguage":"cy-GB","potentialAction":[{"@type":"ReadAction","target":["https:\/\/www.bwydsirgarfood.org\/cy\/siarter-fwyd-bwyd-sir-gar-food\/"]}]},{"@type":"ImageObject","inLanguage":"cy-GB","@id":"https:\/\/www.bwydsirgarfood.org\/cy\/siarter-fwyd-bwyd-sir-gar-food\/#primaryimage","url":"https:\/\/www.bwydsirgarfood.org\/wp-content\/uploads\/2025\/03\/2024_09_26_CCC_Bremenda_Isaf_5597-1500x999.jpg","contentUrl":"https:\/\/www.bwydsirgarfood.org\/wp-content\/uploads\/2025\/03\/2024_09_26_CCC_Bremenda_Isaf_5597-1500x999.jpg"},{"@type":"BreadcrumbList","@id":"https:\/\/www.bwydsirgarfood.org\/cy\/siarter-fwyd-bwyd-sir-gar-food\/#breadcrumb","itemListElement":[{"@type":"ListItem","position":1,"name":"Home","item":"https:\/\/www.bwydsirgarfood.org\/cy\/"},{"@type":"ListItem","position":2,"name":"Siarter Fwyd Bwyd Sir G\u00e2r Food"}]},{"@type":"WebSite","@id":"https:\/\/www.bwydsirgarfood.org\/cy\/#website","url":"https:\/\/www.bwydsirgarfood.org\/cy\/","name":"Bwyd Sir G\u00e2r Food","description":"Driving healthy and sustainable food in Carmarthenshire","potentialAction":[{"@type":"SearchAction","target":{"@type":"EntryPoint","urlTemplate":"https:\/\/www.bwydsirgarfood.org\/cy\/?s={search_term_string}"},"query-input":{"@type":"PropertyValueSpecification","valueRequired":true,"valueName":"search_term_string"}}],"inLanguage":"cy-GB"}]}},"_links":{"self":[{"href":"https:\/\/www.bwydsirgarfood.org\/cy\/wp-json\/wp\/v2\/pages\/2415","targetHints":{"allow":["GET"]}}],"collection":[{"href":"https:\/\/www.bwydsirgarfood.org\/cy\/wp-json\/wp\/v2\/pages"}],"about":[{"href":"https:\/\/www.bwydsirgarfood.org\/cy\/wp-json\/wp\/v2\/types\/page"}],"author":[{"embeddable":true,"href":"https:\/\/www.bwydsirgarfood.org\/cy\/wp-json\/wp\/v2\/users\/1"}],"replies":[{"embeddable":true,"href":"https:\/\/www.bwydsirgarfood.org\/cy\/wp-json\/wp\/v2\/comments?post=2415"}],"version-history":[{"count":1,"href":"https:\/\/www.bwydsirgarfood.org\/cy\/wp-json\/wp\/v2\/pages\/2415\/revisions"}],"predecessor-version":[{"id":2416,"href":"https:\/\/www.bwydsirgarfood.org\/cy\/wp-json\/wp\/v2\/pages\/2415\/revisions\/2416"}],"wp:attachment":[{"href":"https:\/\/www.bwydsirgarfood.org\/cy\/wp-json\/wp\/v2\/media?parent=2415"}],"curies":[{"name":"wp","href":"https:\/\/api.w.org\/{rel}","templated":true}]}}